{"id":15,"date":"2020-03-21T09:23:49","date_gmt":"2020-03-21T09:23:49","guid":{"rendered":"https:\/\/frutikogroup.hr\/?page_id=15"},"modified":"2025-02-10T15:38:10","modified_gmt":"2025-02-10T15:38:10","slug":"kontakt","status":"publish","type":"page","link":"https:\/\/frutikogroup.hr\/es\/contacto\/","title":{"rendered":"Contacto"},"content":{"rendered":"<p>[et_pb_section fb_built=&#8221;1&#8243; admin_label=&#8221;Page Title Section&#8221; _builder_version=&#8221;4.16&#8243; background_color=&#8221;#ff7f00&#8243; background_color_gradient_direction=&#8221;115deg&#8221; background_image=&#8221;https:\/\/frutikogroup.hr\/wp-content\/uploads\/2021\/10\/Dizajn-bez-naslova.png&#8221; custom_padding=&#8221;150px||0px|&#8221; global_colors_info=&#8221;{}&#8221; collapsed=&#8221;off&#8221;][et_pb_row _builder_version=&#8221;4.16&#8243; background_color=&#8221;#f7f7f7&#8243; background_size=&#8221;initial&#8221; background_position=&#8221;top_left&#8221; background_repeat=&#8221;repeat&#8221; max_width=&#8221;960px&#8221; custom_margin=&#8221;|-84px||0px||&#8221; custom_padding=&#8221;27px|0px||10%||&#8221; animation_style=&#8221;slide&#8221; animation_direction=&#8221;left&#8221; animation_intensity_slide=&#8221;2%&#8221; border_radii=&#8221;||6px|6px|&#8221; border_color_all=&#8221;#ff7f00&#8243; border_width_right=&#8221;30px&#8221; border_color_right=&#8221;#bdada0&#8243; use_custom_width=&#8221;on&#8221; custom_width_px=&#8221;960px&#8221; locked=&#8221;off&#8221; global_colors_info=&#8221;{}&#8221;][et_pb_column type=&#8221;4_4&#8243; _builder_version=&#8221;4.16&#8243; custom_padding=&#8221;|||&#8221; custom_padding_tablet=&#8221;|||10%&#8221; custom_padding_last_edited=&#8221;off|desktop&#8221; global_colors_info=&#8221;{}&#8221; padding_tablet=&#8221;|||10%&#8221; padding_last_edited=&#8221;off|desktop&#8221; custom_padding__hover=&#8221;|||&#8221;][et_pb_text admin_label=&#8221;Title&#8221; _builder_version=&#8221;4.16&#8243; text_font=&#8221;||||||||&#8221; header_font=&#8221;Montserrat||||||||&#8221; header_text_color=&#8221;#000000&#8243; header_font_size=&#8221;33px&#8221; header_line_height=&#8221;1.2em&#8221; header_4_font=&#8221;||||||||&#8221; background_layout=&#8221;dark&#8221; custom_margin=&#8221;|7px||||&#8221; custom_padding=&#8221;|||&#8221; header_font_size_tablet=&#8221;40px&#8221; header_font_size_phone=&#8221;31px&#8221; header_font_size_last_edited=&#8221;on|tablet&#8221; global_colors_info=&#8221;{}&#8221;]<\/p>\n<h1>Kontaktirajte nas<\/h1>\n<p>[\/et_pb_text][\/et_pb_column][\/et_pb_row][\/et_pb_section][et_pb_section fb_built=&#8221;1&#8243; custom_padding_last_edited=&#8221;on|phone&#8221; admin_label=&#8221;Contact Info&#8221; _builder_version=&#8221;4.16&#8243; background_color=&#8221;#FFFFFF&#8221; custom_padding=&#8221;||||true&#8221; custom_padding_tablet=&#8221;0px||0px||true|false&#8221; custom_padding_phone=&#8221;&#8221; global_colors_info=&#8221;{}&#8221;][et_pb_row _builder_version=&#8221;4.16&#8243; _module_preset=&#8221;default&#8221; custom_padding=&#8221;||0px|||&#8221; global_colors_info=&#8221;{}&#8221;][et_pb_column type=&#8221;4_4&#8243; _builder_version=&#8221;4.16&#8243; _module_preset=&#8221;default&#8221; global_colors_info=&#8221;{}&#8221;][et_pb_divider color=&#8221;#2a2a2a&#8221; divider_weight=&#8221;3px&#8221; _builder_version=&#8221;4.16&#8243; max_width=&#8221;50px&#8221; module_alignment=&#8221;center&#8221; custom_margin=&#8221;||10px|&#8221; animation_style=&#8221;slide&#8221; animation_direction=&#8221;top&#8221; animation_intensity_slide=&#8221;30%&#8221; animation_starting_opacity=&#8221;100%&#8221; global_colors_info=&#8221;{}&#8221;][\/et_pb_divider][et_pb_text _builder_version=&#8221;4.16&#8243; _module_preset=&#8221;default&#8221; text_font=&#8221;Montserrat||||||||&#8221; text_font_size=&#8221;17px&#8221; header_2_font=&#8221;Montserrat||||||||&#8221; header_2_font_size=&#8221;30px&#8221; animation_style=&#8221;slide&#8221; global_colors_info=&#8221;{}&#8221;]<\/p>\n<p style=\"text-align: center;\">Upoznajte se s nama i na\u0161im uslugama.<\/p>\n<p style=\"text-align: center;\">Kontaktirajte nas na ispod navedene kontakte kako biste saznali vi\u0161e o nama, na\u0161im uslugama i rje\u0161enjima koje nudimo.<\/p>\n<p>[\/et_pb_text][et_pb_divider color=&#8221;#2a2a2a&#8221; divider_weight=&#8221;3px&#8221; _builder_version=&#8221;4.16&#8243; max_width=&#8221;50px&#8221; module_alignment=&#8221;center&#8221; custom_margin=&#8221;||10px|&#8221; animation_style=&#8221;slide&#8221; animation_direction=&#8221;top&#8221; animation_intensity_slide=&#8221;30%&#8221; animation_starting_opacity=&#8221;100%&#8221; global_colors_info=&#8221;{}&#8221;][\/et_pb_divider][\/et_pb_column][\/et_pb_row][et_pb_row column_structure=&#8221;1_2,1_2&#8243; _builder_version=&#8221;4.16&#8243; global_colors_info=&#8221;{}&#8221;][et_pb_column type=&#8221;1_2&#8243; _builder_version=&#8221;4.16&#8243; global_colors_info=&#8221;{}&#8221;][et_pb_text _builder_version=&#8221;4.16&#8243; text_font=&#8221;Montserrat||||||||&#8221; text_font_size=&#8221;17px&#8221; text_line_height=&#8221;1em&#8221; link_text_color=&#8221;#000000&#8243; header_font=&#8221;Montserrat|700|||||||&#8221; header_2_font=&#8221;Montserrat|700|||||||&#8221; header_2_font_size=&#8221;33px&#8221; header_2_line_height=&#8221;1.8em&#8221; header_3_font=&#8221;Montserrat||||||||&#8221; header_3_font_size=&#8221;20px&#8221; max_width=&#8221;800px&#8221; link_option_url=&#8221;#&#8221; text_font_size_tablet=&#8221;20px&#8221; text_font_size_phone=&#8221;16px&#8221; text_font_size_last_edited=&#8221;on|phone&#8221; locked=&#8221;off&#8221; global_colors_info=&#8221;{}&#8221;]<\/p>\n<h3>Tel:<\/h3>\n<p><a href=\"#\">+385 (1) 2452-770<\/a><\/p>\n<p>[\/et_pb_text][\/et_pb_column][et_pb_column type=&#8221;1_2&#8243; _builder_version=&#8221;4.16&#8243; global_colors_info=&#8221;{}&#8221;][et_pb_text _builder_version=&#8221;4.16&#8243; text_font=&#8221;Montserrat||||||||&#8221; text_font_size=&#8221;17px&#8221; text_line_height=&#8221;1.1em&#8221; link_text_color=&#8221;#fd8c03&#8243; header_font=&#8221;||||||||&#8221; header_2_font=&#8221;Montserrat|700|||||||&#8221; header_2_font_size=&#8221;20px&#8221; header_2_line_height=&#8221;1.8em&#8221; header_3_font=&#8221;Montserrat||||||||&#8221; header_3_font_size=&#8221;20px&#8221; width=&#8221;87%&#8221; max_width=&#8221;800px&#8221; link_option_url=&#8221;#&#8221; text_font_size_tablet=&#8221;20px&#8221; text_font_size_phone=&#8221;18px&#8221; text_font_size_last_edited=&#8221;on|phone&#8221; locked=&#8221;off&#8221; global_colors_info=&#8221;{}&#8221;]<\/p>\n<h3>Email:<\/h3>\n<p><strong><a href=\"mailto:frutikogroup@gmail.com\">frutikogroup@gmail.com<\/a><\/strong><\/p>\n<p>[\/et_pb_text][\/et_pb_column][\/et_pb_row][et_pb_row column_structure=&#8221;1_4,1_4,1_2&#8243; _builder_version=&#8221;4.16&#8243; global_colors_info=&#8221;{}&#8221;][et_pb_column type=&#8221;1_4&#8243; _builder_version=&#8221;4.16&#8243; global_colors_info=&#8221;{}&#8221;][et_pb_text _builder_version=&#8221;4.16&#8243; text_font=&#8221;Montserrat||||||||&#8221; text_font_size=&#8221;17px&#8221; text_line_height=&#8221;1.8em&#8221; header_font=&#8221;Montserrat||||||||&#8221; header_2_font=&#8221;Montserrat||||||||&#8221; header_2_font_size=&#8221;20px&#8221; header_2_line_height=&#8221;1.8em&#8221; header_3_font=&#8221;Montserrat||||||||&#8221; header_3_font_size=&#8221;20px&#8221; max_width=&#8221;800px&#8221; module_alignment=&#8221;center&#8221; link_option_url=&#8221;#&#8221; text_font_size_phone=&#8221;16px&#8221; text_font_size_last_edited=&#8221;off|desktop&#8221; locked=&#8221;off&#8221; global_colors_info=&#8221;{}&#8221;]<\/p>\n<h3>Adresa:<\/h3>\n<p><strong>FRUTIKO GROUP d.o.o.<\/strong><br \/><span>Slavonska Avenija 7,<\/span><br \/><span>Veletr\u017enica i hladnja\u010da Zagreb,<\/span><br \/><span>10000 Zagreb<\/span><\/p>\n<p>[\/et_pb_text][\/et_pb_column][et_pb_column type=&#8221;1_4&#8243; _builder_version=&#8221;4.16&#8243; global_colors_info=&#8221;{}&#8221;][\/et_pb_column][et_pb_column type=&#8221;1_2&#8243; _builder_version=&#8221;4.16&#8243; global_colors_info=&#8221;{}&#8221;][et_pb_contact_form captcha=&#8221;off&#8221; submit_button_text=&#8221;Po\u0161alji&#8221; _builder_version=&#8221;4.16&#8243; _unique_id=&#8221;eecda606-de63-4861-b311-abc9f85bb7a9&#8243; form_field_background_color=&#8221;#c9c9c9&#8243; form_field_text_color=&#8221;#ffffff&#8221; form_field_focus_text_color=&#8221;#ffffff&#8221; form_field_custom_margin=&#8221;||||false|false&#8221; title_level=&#8221;h3&#8243; title_font=&#8221;Playfair Display|700|||||||&#8221; title_font_size=&#8221;50px&#8221; title_line_height=&#8221;1.2em&#8221; form_field_font=&#8221;||||||||&#8221; form_field_font_size=&#8221;16px&#8221; form_field_line_height=&#8221;1.8em&#8221; custom_button=&#8221;on&#8221; button_text_size=&#8221;10px&#8221; button_text_color=&#8221;#ffffff&#8221; button_bg_color=&#8221;#fd8c03&#8243; button_bg_color_gradient_direction=&#8221;90deg&#8221; button_bg_color_gradient_stops=&#8221;#ffcfaa 0%|#fa6eb9 100%&#8221; button_bg_color_gradient_start=&#8221;#ffcfaa&#8221; button_bg_color_gradient_end=&#8221;#fa6eb9&#8243; button_border_width=&#8221;0px&#8221; button_border_radius=&#8221;100px&#8221; button_letter_spacing=&#8221;4px&#8221; button_font=&#8221;Montserrat|700||on|||||&#8221; button_use_icon=&#8221;off&#8221; button_custom_padding=&#8221;20px|40px|20px|40px|true|true&#8221; link_option_url=&#8221;#&#8221; title_font_size_tablet=&#8221;40px&#8221; title_font_size_phone=&#8221;30px&#8221; title_font_size_last_edited=&#8221;on|phone&#8221; box_shadow_style_button=&#8221;preset1&#8243; global_colors_info=&#8221;{}&#8221;][et_pb_contact_field field_id=&#8221;Ime_i_prezime&#8221; field_title=&#8221;Ime i prezime&#8221; fullwidth_field=&#8221;on&#8221; _builder_version=&#8221;4.16&#8243; global_colors_info=&#8221;{}&#8221; button_text_size__hover_enabled=&#8221;off&#8221; button_one_text_size__hover_enabled=&#8221;off&#8221; button_two_text_size__hover_enabled=&#8221;off&#8221; button_text_color__hover_enabled=&#8221;off&#8221; button_one_text_color__hover_enabled=&#8221;off&#8221; button_two_text_color__hover_enabled=&#8221;off&#8221; button_border_width__hover_enabled=&#8221;off&#8221; button_one_border_width__hover_enabled=&#8221;off&#8221; button_two_border_width__hover_enabled=&#8221;off&#8221; button_border_color__hover_enabled=&#8221;off&#8221; button_one_border_color__hover_enabled=&#8221;off&#8221; button_two_border_color__hover_enabled=&#8221;off&#8221; button_border_radius__hover_enabled=&#8221;off&#8221; button_one_border_radius__hover_enabled=&#8221;off&#8221; button_two_border_radius__hover_enabled=&#8221;off&#8221; button_letter_spacing__hover_enabled=&#8221;off&#8221; button_one_letter_spacing__hover_enabled=&#8221;off&#8221; button_two_letter_spacing__hover_enabled=&#8221;off&#8221; button_bg_color__hover_enabled=&#8221;off&#8221; button_one_bg_color__hover_enabled=&#8221;off&#8221; button_two_bg_color__hover_enabled=&#8221;off&#8221;][\/et_pb_contact_field][et_pb_contact_field field_id=&#8221;Email&#8221; field_title=&#8221;Email&#8221; field_type=&#8221;email&#8221; fullwidth_field=&#8221;on&#8221; _builder_version=&#8221;4.16&#8243; global_colors_info=&#8221;{}&#8221; button_text_size__hover_enabled=&#8221;off&#8221; button_one_text_size__hover_enabled=&#8221;off&#8221; button_two_text_size__hover_enabled=&#8221;off&#8221; button_text_color__hover_enabled=&#8221;off&#8221; button_one_text_color__hover_enabled=&#8221;off&#8221; button_two_text_color__hover_enabled=&#8221;off&#8221; button_border_width__hover_enabled=&#8221;off&#8221; button_one_border_width__hover_enabled=&#8221;off&#8221; button_two_border_width__hover_enabled=&#8221;off&#8221; button_border_color__hover_enabled=&#8221;off&#8221; button_one_border_color__hover_enabled=&#8221;off&#8221; button_two_border_color__hover_enabled=&#8221;off&#8221; button_border_radius__hover_enabled=&#8221;off&#8221; button_one_border_radius__hover_enabled=&#8221;off&#8221; button_two_border_radius__hover_enabled=&#8221;off&#8221; button_letter_spacing__hover_enabled=&#8221;off&#8221; button_one_letter_spacing__hover_enabled=&#8221;off&#8221; button_two_letter_spacing__hover_enabled=&#8221;off&#8221; button_bg_color__hover_enabled=&#8221;off&#8221; button_one_bg_color__hover_enabled=&#8221;off&#8221; button_two_bg_color__hover_enabled=&#8221;off&#8221;][\/et_pb_contact_field][et_pb_contact_field field_id=&#8221;Napi\u0161ite_poruku&#8221; field_title=&#8221;Napi\u0161ite poruku&#8221; field_type=&#8221;text&#8221; fullwidth_field=&#8221;on&#8221; _builder_version=&#8221;4.16&#8243; link_option_url=&#8221;frutikogroup@gmail.com&#8221; link_option_url_new_window=&#8221;on&#8221; global_colors_info=&#8221;{}&#8221; button_text_size__hover_enabled=&#8221;off&#8221; button_one_text_size__hover_enabled=&#8221;off&#8221; button_two_text_size__hover_enabled=&#8221;off&#8221; button_text_color__hover_enabled=&#8221;off&#8221; button_one_text_color__hover_enabled=&#8221;off&#8221; button_two_text_color__hover_enabled=&#8221;off&#8221; button_border_width__hover_enabled=&#8221;off&#8221; button_one_border_width__hover_enabled=&#8221;off&#8221; button_two_border_width__hover_enabled=&#8221;off&#8221; button_border_color__hover_enabled=&#8221;off&#8221; button_one_border_color__hover_enabled=&#8221;off&#8221; button_two_border_color__hover_enabled=&#8221;off&#8221; button_border_radius__hover_enabled=&#8221;off&#8221; button_one_border_radius__hover_enabled=&#8221;off&#8221; button_two_border_radius__hover_enabled=&#8221;off&#8221; button_letter_spacing__hover_enabled=&#8221;off&#8221; button_one_letter_spacing__hover_enabled=&#8221;off&#8221; button_two_letter_spacing__hover_enabled=&#8221;off&#8221; button_bg_color__hover_enabled=&#8221;off&#8221; button_one_bg_color__hover_enabled=&#8221;off&#8221; button_two_bg_color__hover_enabled=&#8221;off&#8221;][\/et_pb_contact_field][\/et_pb_contact_form][\/et_pb_column][\/et_pb_row][\/et_pb_section]<\/p>\n","protected":false},"excerpt":{"rendered":"<p>Kontaktirajte nasUpoznajte se s nama i na\u0161im uslugama. Kontaktirajte nas na ispod navedene kontakte kako biste saznali vi\u0161e o nama, na\u0161im uslugama i rje\u0161enjima koje nudimo.Tel: +385 (1) 2452-770Email: frutikogroup@gmail.comAdresa: FRUTIKO GROUP d.o.o.Slavonska Avenija 7,Veletr\u017enica i hladnja\u010da Zagreb,10000 Zagreb<\/p>","protected":false},"author":2,"featured_media":0,"parent":0,"menu_order":0,"comment_status":"open","ping_status":"open","template":"","meta":{"_et_pb_use_builder":"on","_et_pb_old_content":"","_et_gb_content_width":""},"yoast_head":"<!-- This site is optimized with the Yoast SEO plugin v20.6 - https:\/\/yoast.com\/wordpress\/plugins\/seo\/ -->\n<title>Kontakt | Veleprodaja vo\u0107a i povr\u0107a | Frutiko group d.o.o.<\/title>\n<meta name=\"description\" content=\"Kontakt Frutiko group doo. Upoznajte se s nama i na\u0161im uslugama. Kontaktirajte nas na ispod navedene kontakte kako biste saznali vi\u0161e o nama, na\u0161im uslugama i rje\u0161enjima koje nudimo.\" \/>\n<meta name=\"robots\" content=\"index, follow, max-snippet:-1, max-image-preview:large, max-video-preview:-1\" \/>\n<link rel=\"canonical\" href=\"https:\/\/frutikogroup.hr\/es\/kontakt\/\" \/>\n<meta property=\"og:locale\" content=\"es_ES\" \/>\n<meta property=\"og:type\" content=\"article\" \/>\n<meta property=\"og:title\" content=\"Kontakt | Veleprodaja vo\u0107a i povr\u0107a | Frutiko group d.o.o.\" \/>\n<meta property=\"og:description\" content=\"Kontakt Frutiko group doo. Upoznajte se s nama i na\u0161im uslugama. Kontaktirajte nas na ispod navedene kontakte kako biste saznali vi\u0161e o nama, na\u0161im uslugama i rje\u0161enjima koje nudimo.\" \/>\n<meta property=\"og:url\" content=\"https:\/\/frutikogroup.hr\/es\/kontakt\/\" \/>\n<meta property=\"og:site_name\" content=\"Frutiko Group\" \/>\n<meta property=\"article:modified_time\" content=\"2025-02-10T15:38:10+00:00\" \/>\n<meta property=\"og:image\" content=\"https:\/\/frutikogroup.hr\/wp-content\/uploads\/2020\/03\/frutiko.png\" \/>\n\t<meta property=\"og:image:width\" content=\"951\" \/>\n\t<meta property=\"og:image:height\" content=\"500\" \/>\n\t<meta property=\"og:image:type\" content=\"image\/png\" \/>\n<meta name=\"twitter:card\" content=\"summary_large_image\" \/>\n<meta name=\"twitter:label1\" content=\"Tiempo de lectura\" \/>\n\t<meta name=\"twitter:data1\" content=\"2 minutos\" \/>\n<script type=\"application\/ld+json\" class=\"yoast-schema-graph\">{\"@context\":\"https:\/\/schema.org\",\"@graph\":[{\"@type\":\"WebPage\",\"@id\":\"https:\/\/frutikogroup.hr\/kontakt\/\",\"url\":\"https:\/\/frutikogroup.hr\/kontakt\/\",\"name\":\"Kontakt | Veleprodaja vo\u0107a i povr\u0107a | Frutiko group d.o.o.\",\"isPartOf\":{\"@id\":\"https:\/\/frutikogroup.hr\/#website\"},\"datePublished\":\"2020-03-21T09:23:49+00:00\",\"dateModified\":\"2025-02-10T15:38:10+00:00\",\"description\":\"Kontakt Frutiko group doo. Upoznajte se s nama i na\u0161im uslugama. Kontaktirajte nas na ispod navedene kontakte kako biste saznali vi\u0161e o nama, na\u0161im uslugama i rje\u0161enjima koje nudimo.\",\"breadcrumb\":{\"@id\":\"https:\/\/frutikogroup.hr\/kontakt\/#breadcrumb\"},\"inLanguage\":\"es\",\"potentialAction\":[{\"@type\":\"ReadAction\",\"target\":[\"https:\/\/frutikogroup.hr\/kontakt\/\"]}]},{\"@type\":\"BreadcrumbList\",\"@id\":\"https:\/\/frutikogroup.hr\/kontakt\/#breadcrumb\",\"itemListElement\":[{\"@type\":\"ListItem\",\"position\":1,\"name\":\"Home\",\"item\":\"https:\/\/frutikogroup.hr\/\"},{\"@type\":\"ListItem\",\"position\":2,\"name\":\"Kontakt\"}]},{\"@type\":\"WebSite\",\"@id\":\"https:\/\/frutikogroup.hr\/#website\",\"url\":\"https:\/\/frutikogroup.hr\/\",\"name\":\"Frutiko Group\",\"description\":\"Veleprodaja vo\u0107a i povr\u0107a\",\"publisher\":{\"@id\":\"https:\/\/frutikogroup.hr\/#organization\"},\"potentialAction\":[{\"@type\":\"SearchAction\",\"target\":{\"@type\":\"EntryPoint\",\"urlTemplate\":\"https:\/\/frutikogroup.hr\/?s={search_term_string}\"},\"query-input\":\"required name=search_term_string\"}],\"inLanguage\":\"es\"},{\"@type\":\"Organization\",\"@id\":\"https:\/\/frutikogroup.hr\/#organization\",\"name\":\"Frutiko Group\",\"url\":\"https:\/\/frutikogroup.hr\/\",\"logo\":{\"@type\":\"ImageObject\",\"inLanguage\":\"es\",\"@id\":\"https:\/\/frutikogroup.hr\/#\/schema\/logo\/image\/\",\"url\":\"https:\/\/frutikogroup.hr\/wp-content\/uploads\/2021\/10\/klijenti-logo-fotke-7.png\",\"contentUrl\":\"https:\/\/frutikogroup.hr\/wp-content\/uploads\/2021\/10\/klijenti-logo-fotke-7.png\",\"width\":360,\"height\":360,\"caption\":\"Frutiko Group\"},\"image\":{\"@id\":\"https:\/\/frutikogroup.hr\/#\/schema\/logo\/image\/\"}}]}<\/script>\n<!-- \/ Yoast SEO plugin. -->","yoast_head_json":{"title":"Cont\u00e1ctenos | Venta al por mayor de c\u00edtricos, frutas y hortalizas | Frutiko group d.o.o.","description":"Conozca a nosotros y nuestros servicios. P\u00f3ngase en contacto con nosotros para obtener m\u00e1s informaci\u00f3n sobre nosotros, nuestros servicios y las soluciones que proponemos.","robots":{"index":"index","follow":"follow","max-snippet":"max-snippet:-1","max-image-preview":"max-image-preview:large","max-video-preview":"max-video-preview:-1"},"canonical":"https:\/\/frutikogroup.hr\/es\/kontakt\/","og_locale":"es_ES","og_type":"article","og_title":"Kontakt | Veleprodaja vo\u0107a i povr\u0107a | Frutiko group d.o.o.","og_description":"Kontakt Frutiko group doo. Upoznajte se s nama i na\u0161im uslugama. Kontaktirajte nas na ispod navedene kontakte kako biste saznali vi\u0161e o nama, na\u0161im uslugama i rje\u0161enjima koje nudimo.","og_url":"https:\/\/frutikogroup.hr\/es\/kontakt\/","og_site_name":"Frutiko Group","article_modified_time":"2025-02-10T15:38:10+00:00","og_image":[{"width":951,"height":500,"url":"https:\/\/frutikogroup.hr\/wp-content\/uploads\/2020\/03\/frutiko.png","type":"image\/png"}],"twitter_card":"summary_large_image","twitter_misc":{"Tiempo de lectura":"2 minutos"},"schema":{"@context":"https:\/\/schema.org","@graph":[{"@type":"WebPage","@id":"https:\/\/frutikogroup.hr\/kontakt\/","url":"https:\/\/frutikogroup.hr\/kontakt\/","name":"Cont\u00e1ctenos | Venta al por mayor de c\u00edtricos, frutas y hortalizas | Frutiko group d.o.o.","isPartOf":{"@id":"https:\/\/frutikogroup.hr\/#website"},"datePublished":"2020-03-21T09:23:49+00:00","dateModified":"2025-02-10T15:38:10+00:00","description":"Conozca a nosotros y nuestros servicios. P\u00f3ngase en contacto con nosotros para obtener m\u00e1s informaci\u00f3n sobre nosotros, nuestros servicios y las soluciones que proponemos.","breadcrumb":{"@id":"https:\/\/frutikogroup.hr\/kontakt\/#breadcrumb"},"inLanguage":"es","potentialAction":[{"@type":"ReadAction","target":["https:\/\/frutikogroup.hr\/kontakt\/"]}]},{"@type":"BreadcrumbList","@id":"https:\/\/frutikogroup.hr\/kontakt\/#breadcrumb","itemListElement":[{"@type":"ListItem","position":1,"name":"Home","item":"https:\/\/frutikogroup.hr\/"},{"@type":"ListItem","position":2,"name":"Kontakt"}]},{"@type":"WebSite","@id":"https:\/\/frutikogroup.hr\/#website","url":"https:\/\/frutikogroup.hr\/","name":"Frutiko Group","description":"Veleprodaja vo\u0107a i povr\u0107a","publisher":{"@id":"https:\/\/frutikogroup.hr\/#organization"},"potentialAction":[{"@type":"SearchAction","target":{"@type":"EntryPoint","urlTemplate":"https:\/\/frutikogroup.hr\/?s={search_term_string}"},"query-input":"required name=search_term_string"}],"inLanguage":"es"},{"@type":"Organization","@id":"https:\/\/frutikogroup.hr\/#organization","name":"Frutiko Group","url":"https:\/\/frutikogroup.hr\/","logo":{"@type":"ImageObject","inLanguage":"es","@id":"https:\/\/frutikogroup.hr\/#\/schema\/logo\/image\/","url":"https:\/\/frutikogroup.hr\/wp-content\/uploads\/2021\/10\/klijenti-logo-fotke-7.png","contentUrl":"https:\/\/frutikogroup.hr\/wp-content\/uploads\/2021\/10\/klijenti-logo-fotke-7.png","width":360,"height":360,"caption":"Frutiko Group"},"image":{"@id":"https:\/\/frutikogroup.hr\/#\/schema\/logo\/image\/"}}]}},"_links":{"self":[{"href":"https:\/\/frutikogroup.hr\/es\/wp-json\/wp\/v2\/pages\/15"}],"collection":[{"href":"https:\/\/frutikogroup.hr\/es\/wp-json\/wp\/v2\/pages"}],"about":[{"href":"https:\/\/frutikogroup.hr\/es\/wp-json\/wp\/v2\/types\/page"}],"author":[{"embeddable":true,"href":"https:\/\/frutikogroup.hr\/es\/wp-json\/wp\/v2\/users\/2"}],"replies":[{"embeddable":true,"href":"https:\/\/frutikogroup.hr\/es\/wp-json\/wp\/v2\/comments?post=15"}],"version-history":[{"count":24,"href":"https:\/\/frutikogroup.hr\/es\/wp-json\/wp\/v2\/pages\/15\/revisions"}],"predecessor-version":[{"id":1272,"href":"https:\/\/frutikogroup.hr\/es\/wp-json\/wp\/v2\/pages\/15\/revisions\/1272"}],"wp:attachment":[{"href":"https:\/\/frutikogroup.hr\/es\/wp-json\/wp\/v2\/media?parent=15"}],"curies":[{"name":"wp","href":"https:\/\/api.w.org\/{rel}","templated":true}]}}